{"id":4762,"date":"2023-01-17T13:37:56","date_gmt":"2023-01-17T12:37:56","guid":{"rendered":"https:\/\/www.hikeandbike.si\/kontaktirajte-nas\/"},"modified":"2025-01-29T17:25:45","modified_gmt":"2025-01-29T16:25:45","slug":"kontaktirajte-nas","status":"publish","type":"page","link":"https:\/\/www.hikeandbike.si\/sl\/kontaktirajte-nas\/","title":{"rendered":"Kontaktirajte nas"},"content":{"rendered":"\n<div class=\"wp-block-cover alignfull no-top-margin\"><span aria-hidden=\"true\" class=\"wp-block-cover__background has-background-dim\" style=\"background-color:#4b7647\"><\/span><img decoding=\"async\" width=\"2000\" height=\"719\" class=\"wp-block-cover__image-background wp-image-463\" alt=\"\" src=\"http:\/\/hikeandbike.si\/wp-content\/uploads\/2023\/01\/izohipse.png\" data-object-fit=\"cover\" srcset=\"https:\/\/www.hikeandbike.si\/wp-content\/uploads\/2023\/01\/izohipse.png 2000w, https:\/\/www.hikeandbike.si\/wp-content\/uploads\/2023\/01\/izohipse-1260x453.png 1260w, https:\/\/www.hikeandbike.si\/wp-content\/uploads\/2023\/01\/izohipse-1600x575.png 1600w, https:\/\/www.hikeandbike.si\/wp-content\/uploads\/2023\/01\/izohipse-600x216.png 600w\" sizes=\"(max-width: 2000px) 100vw, 2000px\" \/><div class=\"wp-block-cover__inner-container is-layout-flow wp-block-cover-is-layout-flow\">\n<h2 class=\"wp-block-heading has-white-color has-text-color\"><strong>Pi\u0161ite nam<\/strong><\/h2>\n\n\n\n<div class=\"wp-block-contact-form-7-contact-form-selector form-contact\">\n<div class=\"wpcf7 no-js\" id=\"wpcf7-f4595-o1\" lang=\"sl-SI\" dir=\"ltr\" data-wpcf7-id=\"4595\">\n<div class=\"screen-reader-response\"><p role=\"status\" aria-live=\"polite\" aria-atomic=\"true\"><\/p> <ul><\/ul><\/div>\n<form action=\"\/sl\/wp-json\/wp\/v2\/pages\/4762#wpcf7-f4595-o1\" method=\"post\" class=\"wpcf7-form init\" aria-label=\"Kontaktni obrazec\" novalidate=\"novalidate\" data-status=\"init\">\n<fieldset class=\"hidden-fields-container\"><input type=\"hidden\" name=\"_wpcf7\" value=\"4595\" \/><input type=\"hidden\" name=\"_wpcf7_version\" value=\"6.1.6\" \/><input type=\"hidden\" name=\"_wpcf7_locale\" value=\"sl_SI\" \/><input type=\"hidden\" name=\"_wpcf7_unit_tag\" value=\"wpcf7-f4595-o1\" \/><input type=\"hidden\" name=\"_wpcf7_container_post\" value=\"0\" \/><input type=\"hidden\" name=\"_wpcf7_posted_data_hash\" value=\"\" \/>\n<\/fieldset>\n<div class=\"field-wrapper\">\n\t<p><span class=\"wpcf7-form-control-wrap\" data-name=\"your-name\"><input size=\"40\" maxlength=\"400\" class=\"wpcf7-form-control wpcf7-text\" aria-invalid=\"false\" placeholder=\"Ime in priimek\" value=\"\" type=\"text\" name=\"your-name\" \/><\/span>\n\t<\/p>\n<\/div>\n<div class=\"field-wrapper\">\n\t<p><span class=\"wpcf7-form-control-wrap\" data-name=\"your-email\"><input size=\"40\" maxlength=\"400\" class=\"wpcf7-form-control wpcf7-email wpcf7-validates-as-required wpcf7-text wpcf7-validates-as-email\" aria-required=\"true\" aria-invalid=\"false\" placeholder=\"Va\u0161a e-po\u0161ta\" value=\"\" type=\"email\" name=\"your-email\" \/><\/span>\n\t<\/p>\n<\/div>\n<div class=\"field-wrapper\">\n\t<p><span class=\"wpcf7-form-control-wrap\" data-name=\"your-subject\"><input size=\"40\" maxlength=\"400\" class=\"wpcf7-form-control wpcf7-text\" aria-invalid=\"false\" placeholder=\"Tema\" value=\"\" type=\"text\" name=\"your-subject\" \/><\/span>\n\t<\/p>\n<\/div>\n<div class=\"field-wrapper message\">\n\t<p><span class=\"wpcf7-form-control-wrap\" data-name=\"message\"><textarea cols=\"40\" rows=\"10\" maxlength=\"2000\" class=\"wpcf7-form-control wpcf7-textarea wpcf7-validates-as-required\" aria-required=\"true\" aria-invalid=\"false\" placeholder=\"Sporo\u010dilo\" name=\"message\"><\/textarea><\/span>\n\t<\/p>\n<\/div>\n<div class=\"field-wrapper newsletter\">\n\t<p><span class=\"wpcf7-form-control-wrap\" data-name=\"terms\"><span class=\"wpcf7-form-control wpcf7-acceptance\"><span class=\"wpcf7-list-item\"><label><input type=\"checkbox\" name=\"terms\" value=\"1\" aria-invalid=\"false\" \/><span class=\"wpcf7-list-item-label\">Sprejemam pravila in pogoje<\/span><\/label><\/span><\/span><\/span><br \/>\n<span class=\"wpcf7-form-control-wrap\" data-name=\"subscribe\"><span class=\"wpcf7-form-control wpcf7-acceptance optional\"><span class=\"wpcf7-list-item\"><label><input type=\"checkbox\" name=\"subscribe\" value=\"1\" aria-invalid=\"false\" \/><span class=\"wpcf7-list-item-label\">Prijavljam se na novice<\/span><\/label><\/span><\/span><\/span>\n\t<\/p>\n<\/div>\n<div class=\"field-wrapper submit\">\n\t<p><input type=\"text\" name=\"your-maiden-name\" value=\"\" style=\"border: none !important; height: 0px !important; padding: 0 !important; overflow: hidden !important;\" autocomplete=\"off\" \/><br \/>\n<input class=\"wpcf7-form-control wpcf7-submit has-spinner\" type=\"submit\" value=\"Po\u0161lji\" \/>\n\t<\/p>\n<\/div><div class=\"wpcf7-response-output\" aria-hidden=\"true\"><\/div>\n<\/form>\n<\/div>\n<\/div>\n<\/div><\/div>\n\n\n\n<div style=\"height:60px\" aria-hidden=\"true\" class=\"wp-block-spacer\"><\/div>\n\n\n\n<h2 class=\"wp-block-heading\">Hike&amp;Bike turisti\u010dna agencija<\/h2>\n\n\n\n<p class=\"is-style-large\">Vodnikova cesta 37, 4264 Bohinjska Bistrica<\/p>\n\n\n\n<p class=\"is-style-large\"><a href=\"mailto:grega@hikeandbike.si\">grega@hikeandbike.si<\/a><br>+386 31 374 660<br><br><\/p>\n\n\n\n<iframe class=\"alignfull\" src=\"https:\/\/www.google.com\/maps\/embed?pb=!1m18!1m12!1m3!1d354130.13317039894!2d14.436853922699235!3d46.098119634214235!2m3!1f0!2f0!3f0!3m2!1i1024!2i768!4f13.1!3m3!1m2!1s0x477af2a9022645af%3A0x1d4a5cf4f88226e7!2sHike%26Bike%20Tour%20Agency!5e0!3m2!1sen!2ssi!4v1675958503527!5m2!1sen!2ssi\" width=\"600\" height=\"450\" style=\"border:0;\" allowfullscreen=\"\" loading=\"lazy\" referrerpolicy=\"no-referrer-when-downgrade\"><\/iframe>\n\n\n\n<p>Podatki podjetja:<br>Turisti\u010dna agencija HIKEANDBIKE, Gregor \u0160ilc s.p.<br>Stara Fu\u017eina 117, 4265 Bohinjsko jezero<br>ID ZA DDV: SI18949371<br><\/p>\n\n\n\n<p>PLANINSKI RAJ, upravljanje z nepremi\u010dninami, Maja \u0160ilc s.p.<br>Stara Fu\u017eina 117, 4265 Bohinjsko jezero<br>ID ZA DDV: 80373976<\/p>\n","protected":false},"excerpt":{"rendered":"<p>Hike&amp;Bike turisti\u010dna agencija Vodnikova cesta 37, 4264 Bohinjska Bistrica grega@hikeandbike.si+386 31 374 660 Podatki podjetja:Turisti\u010dna agencija HIKEANDBIKE, Gregor \u0160ilc s.p.Stara Fu\u017eina 117, 4265 Bohinjsko jezeroID ZA DDV: SI18949371 PLANINSKI RAJ, upravljanje z nepremi\u010dninami, Maja \u0160ilc s.p.Stara Fu\u017eina 117, 4265 Bohinjsko jezeroID ZA DDV: 80373976<\/p>\n","protected":false},"author":1,"featured_media":0,"parent":0,"menu_order":0,"comment_status":"closed","ping_status":"closed","template":"","meta":{"footnotes":""},"class_list":["post-4762","page","type-page","status-publish","hentry"],"acf":[],"_links":{"self":[{"href":"https:\/\/www.hikeandbike.si\/sl\/wp-json\/wp\/v2\/pages\/4762","targetHints":{"allow":["GET"]}}],"collection":[{"href":"https:\/\/www.hikeandbike.si\/sl\/wp-json\/wp\/v2\/pages"}],"about":[{"href":"https:\/\/www.hikeandbike.si\/sl\/wp-json\/wp\/v2\/types\/page"}],"author":[{"embeddable":true,"href":"https:\/\/www.hikeandbike.si\/sl\/wp-json\/wp\/v2\/users\/1"}],"replies":[{"embeddable":true,"href":"https:\/\/www.hikeandbike.si\/sl\/wp-json\/wp\/v2\/comments?post=4762"}],"version-history":[{"count":4,"href":"https:\/\/www.hikeandbike.si\/sl\/wp-json\/wp\/v2\/pages\/4762\/revisions"}],"predecessor-version":[{"id":11374,"href":"https:\/\/www.hikeandbike.si\/sl\/wp-json\/wp\/v2\/pages\/4762\/revisions\/11374"}],"wp:attachment":[{"href":"https:\/\/www.hikeandbike.si\/sl\/wp-json\/wp\/v2\/media?parent=4762"}],"curies":[{"name":"wp","href":"https:\/\/api.w.org\/{rel}","templated":true}]}}