{"id":4760,"date":"2023-03-16T09:47:41","date_gmt":"2023-03-16T08:47:41","guid":{"rendered":"https:\/\/www.hikeandbike.si\/avtorji\/"},"modified":"2023-04-07T11:59:30","modified_gmt":"2023-04-07T10:59:30","slug":"avtorji","status":"publish","type":"page","link":"https:\/\/www.hikeandbike.si\/sl\/avtorji\/","title":{"rendered":"Avtorji"},"content":{"rendered":"\n<p><\/p>\n\n<p><\/p>\n\n<p class=\"is-style-large\">Maja in Grega \u0160ilc, Ale\u0161 Zde\u0161ar, Mitja Sodja, Mojca Odar, Ciril Jazbec, Jo\u0161t Gantar, Jaka Ivan\u010di\u010d, Dra\u017een \u0160tader, arhiv ZTKM\u0160 Brda, Alex Strohl, Mankica Kranjec, Jaka Ivan\u010di\u010d, Vid Ponikvar, Franci Ferjan, Nejc Pernek Iztok Medja, Franci Ferjan, Vid Rotar, Boris Pretnar, Jaka Arbutina, Luka Kotnik, Polona Makovec, Alen Kosma\u010d, Jacob Riglin, Marko Arandjelovi\u0107, Ciril Jazbec, Andrej Tarfila, Nikola Juri\u0161i\u010d, Darinka Mladenovic, Tomo Jeseni\u010dnik, Jernej Srebrni\u010d, Alan Kosma\u010d, Matja\u017e Vidmar, Janez Mencinger.<\/p>\n","protected":false},"excerpt":{"rendered":"<p>Maja in Grega \u0160ilc, Ale\u0161 Zde\u0161ar, Mitja Sodja, Mojca Odar, Ciril Jazbec, Jo\u0161t Gantar, Jaka Ivan\u010di\u010d, Dra\u017een \u0160tader, arhiv ZTKM\u0160 Brda, Alex Strohl, Mankica Kranjec, Jaka Ivan\u010di\u010d, Vid Ponikvar, Franci Ferjan, Nejc Pernek Iztok Medja, Franci Ferjan, Vid Rotar, Boris Pretnar, Jaka Arbutina, Luka Kotnik, Polona Makovec, Alen Kosma\u010d, Jacob Riglin, Marko Arandjelovi\u0107, Ciril Jazbec, [&hellip;]<\/p>\n","protected":false},"author":1,"featured_media":0,"parent":0,"menu_order":0,"comment_status":"closed","ping_status":"closed","template":"","meta":{"footnotes":""},"class_list":["post-4760","page","type-page","status-publish","hentry"],"acf":[],"_links":{"self":[{"href":"https:\/\/www.hikeandbike.si\/sl\/wp-json\/wp\/v2\/pages\/4760","targetHints":{"allow":["GET"]}}],"collection":[{"href":"https:\/\/www.hikeandbike.si\/sl\/wp-json\/wp\/v2\/pages"}],"about":[{"href":"https:\/\/www.hikeandbike.si\/sl\/wp-json\/wp\/v2\/types\/page"}],"author":[{"embeddable":true,"href":"https:\/\/www.hikeandbike.si\/sl\/wp-json\/wp\/v2\/users\/1"}],"replies":[{"embeddable":true,"href":"https:\/\/www.hikeandbike.si\/sl\/wp-json\/wp\/v2\/comments?post=4760"}],"version-history":[{"count":1,"href":"https:\/\/www.hikeandbike.si\/sl\/wp-json\/wp\/v2\/pages\/4760\/revisions"}],"predecessor-version":[{"id":4761,"href":"https:\/\/www.hikeandbike.si\/sl\/wp-json\/wp\/v2\/pages\/4760\/revisions\/4761"}],"wp:attachment":[{"href":"https:\/\/www.hikeandbike.si\/sl\/wp-json\/wp\/v2\/media?parent=4760"}],"curies":[{"name":"wp","href":"https:\/\/api.w.org\/{rel}","templated":true}]}}